{"id":328,"date":"2012-05-01T08:00:59","date_gmt":"2012-05-01T06:00:59","guid":{"rendered":"http:\/\/xn--hundesalon-raffitckisch-spc.de\/wordpress\/?page_id=328"},"modified":"2018-06-16T13:37:40","modified_gmt":"2018-06-16T11:37:40","slug":"328-2","status":"publish","type":"page","link":"https:\/\/hundesalon-raffit\u00fcckisch.de\/wordpress\/?page_id=328","title":{"rendered":"Empfang und Aufenthaltsbereich"},"content":{"rendered":"<table style=\"height: 252px; text-align: left; width: 890px;\" border=\"0\" cellspacing=\"2\" cellpadding=\"2\" bgcolor=\"#ffffff\">\n<tbody>\n<tr>\n<td style=\"vertical-align: top;\"><ul id=\"myGallery_9\" class=\"galleryview\"><li><img decoding=\"async\" src=\"https:\/\/xn--hundesalon-raffitckisch-spc.de\/wordpress\/wp-content\/gallery\/empfang\/empfang1.jpg\" alt=\"empfang1\" class=\"full\" \/><\/li><li><img decoding=\"async\" src=\"https:\/\/xn--hundesalon-raffitckisch-spc.de\/wordpress\/wp-content\/gallery\/empfang\/empfang2.jpg\" alt=\"empfang2\" class=\"full\" \/><\/li><li><img decoding=\"async\" src=\"https:\/\/xn--hundesalon-raffitckisch-spc.de\/wordpress\/wp-content\/gallery\/empfang\/empfang3.jpg\" alt=\"empfang3\" class=\"full\" \/><\/li> <\/ul><script type=\"text\/javascript\">\n            jQuery(document).ready(function($) {\n            $('#myGallery_9').galleryView({  show_panels: 1, show_captions: 0, show_filmstrip: 1, panel_width: 600, panel_height: 400, panel_scale: \"nocrop\", transition_speed: 800, transition_interval: 4000, fade_panels: 1, frame_width: 60, frame_height: 40, filmstrip_position: \"bottom\", pointer_size: 8, frame_scale: \"crop\", frame_gap: 5, frame_opacity: 0.3, easing: \"swing\", nav_theme: \"dark\", start_frame: 1, pause_on_hover: 0   });});<\/script><\/td>\n<td style=\"vertical-align: top; text-align: left;\" width=\"33\">&nbsp;<\/td>\n<td style=\"vertical-align: top;\" width=\"699\"><span style=\"font-size: 13px; font-family: arial,helvetica,sans-serif;\"><span style=\"font-size: 13px;\"><span style=\"color: #000000;\">In freundlich gestalteten Empfangs- und bequem <\/span><span style=\"color: #000000;\">eingerichteten Aufenthaltsbereich m\u00f6chte Ihnen ihr <\/span><strong>Hundesalon <em><span style=\"color: #ff0000;\">Raffit\u00fcckisch<\/span><\/em><\/strong> <span style=\"color: #000000;\">die Wartezeit so angenehm wie m\u00f6glich machen.<\/span><br \/>\n<span style=\"color: #000000;\">Lesen Sie etwas und trinken SIe dazu eine Tasse Cafe oder Tee,<\/span><br \/>\n<span style=\"color: #000000;\">w\u00e4hrend Ihr Hund gepflegt wird.<\/span><br \/>\n<span style=\"color: #000000;\">Mit einer kleinen \u00dcberraschung werde ich Ihnen ihre <\/span><span style=\"color: #000000;\">Wartezeit vers\u00fc\u00dfen. <\/span><\/span><\/span><\/p>\n<p>&nbsp;<\/p>\n<ul style=\"list-style-type: square;\">\n<li><span style=\"font-size: 13px; font-family: arial,helvetica,sans-serif;\">&nbsp;<\/span><span style=\"font-size: 13px;\"><span style=\"font-family: arial,helvetica,sans-serif;\"><span style=\"color: #ff0000;\"> <a href=\"http:\/\/hundesalon-raffit\u00fcckisch.de\/wordpress\/?page_id=304\"><span style=\"color: #ff0000;\">Pflegeraum<\/span><\/a><\/span><\/span><\/span><\/li>\n<li><span style=\"font-size: 13px;\"><span style=\"font-family: arial,helvetica,sans-serif;\"><span style=\"color: #ff0000;\">&nbsp; <a href=\"http:\/\/hundesalon-raffit\u00fcckisch.de\/wordpress\/?page_id=296\"><span style=\"color: #ff0000;\">Salon<\/span><\/a><\/span><\/span><\/span><\/li>\n<\/ul>\n<\/td>\n<\/tr>\n<\/tbody>\n<\/table>\n<p style=\"text-align: center;\">&nbsp;<\/p>\n<p style=\"text-align: center;\"><span style=\"font-size: 13px;\"><strong><span style=\"font-family: arial,arial,arial;\"><em>Nicht nur Ihrem Liebling, sondern auch Ihnen soll es bei mir gut gehen!<\/em><\/span><br style=\"font-size: 13px;\"><\/strong><\/span><\/p>\n<p>&nbsp;<\/p>\n","protected":false},"excerpt":{"rendered":"<p>&nbsp; In freundlich gestalteten Empfangs- und bequem eingerichteten Aufenthaltsbereich m\u00f6chte Ihnen ihr Hundesalon Raffit\u00fcckisch die Wartezeit so angenehm wie m\u00f6glich machen. Lesen Sie etwas und trinken SIe dazu eine Tasse Cafe oder Tee, w\u00e4hrend Ihr Hund gepflegt wird. Mit einer &hellip; <a href=\"https:\/\/hundesalon-raffit\u00fcckisch.de\/wordpress\/?page_id=328\">Weiterlesen <span class=\"meta-nav\">&rarr;<\/span><\/a><\/p>\n","protected":false},"author":1,"featured_media":0,"parent":296,"menu_order":2,"comment_status":"closed","ping_status":"closed","template":"onecolumn-page.php","meta":{"ngg_post_thumbnail":0,"footnotes":""},"class_list":["post-328","page","type-page","status-publish","hentry"],"_links":{"self":[{"href":"https:\/\/hundesalon-raffit\u00fcckisch.de\/wordpress\/index.php?rest_route=\/wp\/v2\/pages\/328","targetHints":{"allow":["GET"]}}],"collection":[{"href":"https:\/\/hundesalon-raffit\u00fcckisch.de\/wordpress\/index.php?rest_route=\/wp\/v2\/pages"}],"about":[{"href":"https:\/\/hundesalon-raffit\u00fcckisch.de\/wordpress\/index.php?rest_route=\/wp\/v2\/types\/page"}],"author":[{"embeddable":true,"href":"https:\/\/hundesalon-raffit\u00fcckisch.de\/wordpress\/index.php?rest_route=\/wp\/v2\/users\/1"}],"replies":[{"embeddable":true,"href":"https:\/\/hundesalon-raffit\u00fcckisch.de\/wordpress\/index.php?rest_route=%2Fwp%2Fv2%2Fcomments&post=328"}],"version-history":[{"count":38,"href":"https:\/\/hundesalon-raffit\u00fcckisch.de\/wordpress\/index.php?rest_route=\/wp\/v2\/pages\/328\/revisions"}],"predecessor-version":[{"id":1167,"href":"https:\/\/hundesalon-raffit\u00fcckisch.de\/wordpress\/index.php?rest_route=\/wp\/v2\/pages\/328\/revisions\/1167"}],"up":[{"embeddable":true,"href":"https:\/\/hundesalon-raffit\u00fcckisch.de\/wordpress\/index.php?rest_route=\/wp\/v2\/pages\/296"}],"wp:attachment":[{"href":"https:\/\/hundesalon-raffit\u00fcckisch.de\/wordpress\/index.php?rest_route=%2Fwp%2Fv2%2Fmedia&parent=328"}],"curies":[{"name":"wp","href":"https:\/\/api.w.org\/{rel}","templated":true}]}}