{"id":141,"date":"2012-05-01T08:00:36","date_gmt":"2012-05-01T06:00:36","guid":{"rendered":"http:\/\/xn--hundesalon-raffitckisch-spc.de\/wordpress\/?page_id=141"},"modified":"2018-05-30T07:45:13","modified_gmt":"2018-05-30T05:45:13","slug":"leistungen","status":"publish","type":"page","link":"https:\/\/hundesalon-raffit\u00fcckisch.de\/wordpress\/?page_id=141","title":{"rendered":"Leistungen"},"content":{"rendered":"<table style=\"height: 418px; width: 847px; text-align: left\" cellspacing=\"2\" cellpadding=\"2\" bgcolor=\"#ffffff\" border=\"0\">\n<tbody>\n<tr>\n<td style=\"vertical-align: top\">&nbsp;<\/td>\n<td style=\"vertical-align: top; text-align: left\"><a href=\"http:\/\/xn--hundesalon-raffitckisch-spc.de\/wordpress\/?attachment_id=585\" rel=\"attachment wp-att-585\"><img loading=\"lazy\" decoding=\"async\" title=\"Leistungen\" class=\"alignleft size-medium wp-image-585\" alt=\"\" src=\"http:\/\/xn--hundesalon-raffitckisch-spc.de\/wordpress\/wp-content\/uploads\/2012\/03\/Leistungen-klein-300x300.jpg\" width=\"300\" height=\"300\" srcset=\"https:\/\/xn--hundesalon-raffitckisch-spc.de\/wordpress\/wp-content\/uploads\/2012\/03\/Leistungen-klein-300x300.jpg 300w, https:\/\/xn--hundesalon-raffitckisch-spc.de\/wordpress\/wp-content\/uploads\/2012\/03\/Leistungen-klein-150x150.jpg 150w, https:\/\/xn--hundesalon-raffitckisch-spc.de\/wordpress\/wp-content\/uploads\/2012\/03\/Leistungen-klein.jpg 603w\" sizes=\"auto, (max-width: 300px) 100vw, 300px\" \/><\/a><\/td>\n<td style=\"vertical-align: top\"><span style=\"font-size: 13px; font-family: arial,helvetica,sans-serif; color: #000000\"><span style=\"font-size: 13px\"><small><small><span style=\"font-size: 13px\"><span style=\"font-weight: bold\">&nbsp; Leistungen<\/p>\n<p><\/span><\/span><\/small><\/small><\/span><\/span> <\/p>\n<ul style=\"text-align: left\">\n<li><span style=\"font-size: 13px; font-family: arial,helvetica,sans-serif; color: #000000\"><small><small><span style=\"font-size: 13px\">Trimmen, Schneiden, Scheren<\/span><\/small><\/small><\/span>\n<li><span style=\"font-size: 13px; font-family: arial,helvetica,sans-serif; color: #000000\"><small><small><span style=\"font-size: 13px\">Baden<\/span><\/small><\/small><\/span>\n<li><span style=\"font-size: 13px; font-family: arial,helvetica,sans-serif\"><small><small><span style=\"font-size: 13px\">F\u00f6hnen mit <span style=\"font-weight: bold\">leisem<\/span> Blower<\/span><\/small><\/small><\/span>\n<li><span style=\"font-size: 13px; font-family: arial,helvetica,sans-serif; color: #000000\"><small><small><span style=\"font-size: 13px\">Entfilzen, B\u00fcrsten, K\u00e4mmen<\/span><\/small><\/small><\/span>\n<li><span style=\"font-size: 13px; font-family: arial,helvetica,sans-serif\"><small><small><span style=\"font-size: 13px\">Ausk\u00e4mmen der Unterwolle (Carding)<\/span><\/small><\/small><\/span>\n<li><span style=\"font-size: 13px; font-family: arial,helvetica,sans-serif; color: #000000\"><small><small><span style=\"font-size: 13px\">Krallenpflege<\/span><\/small><\/small><\/span>\n<li><span style=\"font-size: 13px; font-family: arial,helvetica,sans-serif; color: #000000\"><small><small><span style=\"font-size: 13px\">Hol und Bringservice<\/span><\/small><\/small><\/span> <\/li>\n<\/ul>\n<p><font face=\"Arial\"><span style=\"color: #000000\"><span style=\"font-size: 13px\">&nbsp; Sie h<\/span><\/span><span style=\"font-size: 13px\">aben<\/span><\/font><span style=\"color: #000000\"><span style=\"font-size: 13px\"><font face=\"Arial\"> noch W\u00fcnsche die nicht aufgef\u00fchrt sind?<\/font><\/span><span style=\"font-size: 13px\"><br \/><font face=\"Arial\">&nbsp; Kein Problem, sprechen Sie mich an.<\/font><\/span><\/span><\/p>\n<ul style=\"list-style-type: square\">\n<li><span style=\"font-size: 13px; font-family: arial,helvetica,sans-serif\"><span style=\"color: #cc0000\"><a href=\"http:\/\/xn--hundesalon-raffitckisch-spc.de\/wordpress\/?page_id=152\"><font color=\"#ff0000\">Preise?<\/font><\/a><\/span><\/span> <\/li>\n<\/ul>\n<p>&nbsp;<\/p>\n<\/td>\n<\/tr>\n<\/tbody>\n<\/table>\n<p style=\"text-align: center\"><span style=\"font-size: 13px\"><strong><span style=\"font-family: arial,helvetica,sans-serif\"><small><small><span style=\"font-size: 13px; color: #000000\">Ob individuell oder rassespezifisch, ich pflege nach Ihren W\u00fcnschen zum Wohl Ihres Hundes!<\/span><br \/><\/small><\/small><\/span><span style=\"color: #000000\"><font face=\"Arial\">Hundepflege ist kein Luxus, sondern eine der Grundvoraussetzungen f\u00fcr<\/font><\/span><\/strong><\/span><br \/><span style=\"font-size: 13px; color: #000000\"><strong><font face=\"Arial\">einen Gesunden Hund.<\/font><\/strong><\/span><\/p>\n","protected":false},"excerpt":{"rendered":"<p>&nbsp; &nbsp; Leistungen Trimmen, Schneiden, Scheren Baden F\u00f6hnen mit leisem Blower Entfilzen, B\u00fcrsten, K\u00e4mmen Ausk\u00e4mmen der Unterwolle (Carding) Krallenpflege Hol und Bringservice &nbsp; Sie haben noch W\u00fcnsche die nicht aufgef\u00fchrt sind?&nbsp; Kein Problem, sprechen Sie mich an. Preise? &nbsp; Ob &hellip; <a href=\"https:\/\/hundesalon-raffit\u00fcckisch.de\/wordpress\/?page_id=141\">Weiterlesen <span class=\"meta-nav\">&rarr;<\/span><\/a><\/p>\n","protected":false},"author":1,"featured_media":0,"parent":0,"menu_order":3,"comment_status":"closed","ping_status":"closed","template":"onecolumn-page.php","meta":{"ngg_post_thumbnail":0,"footnotes":""},"class_list":["post-141","page","type-page","status-publish","hentry"],"_links":{"self":[{"href":"https:\/\/hundesalon-raffit\u00fcckisch.de\/wordpress\/index.php?rest_route=\/wp\/v2\/pages\/141","targetHints":{"allow":["GET"]}}],"collection":[{"href":"https:\/\/hundesalon-raffit\u00fcckisch.de\/wordpress\/index.php?rest_route=\/wp\/v2\/pages"}],"about":[{"href":"https:\/\/hundesalon-raffit\u00fcckisch.de\/wordpress\/index.php?rest_route=\/wp\/v2\/types\/page"}],"author":[{"embeddable":true,"href":"https:\/\/hundesalon-raffit\u00fcckisch.de\/wordpress\/index.php?rest_route=\/wp\/v2\/users\/1"}],"replies":[{"embeddable":true,"href":"https:\/\/hundesalon-raffit\u00fcckisch.de\/wordpress\/index.php?rest_route=%2Fwp%2Fv2%2Fcomments&post=141"}],"version-history":[{"count":54,"href":"https:\/\/hundesalon-raffit\u00fcckisch.de\/wordpress\/index.php?rest_route=\/wp\/v2\/pages\/141\/revisions"}],"predecessor-version":[{"id":883,"href":"https:\/\/hundesalon-raffit\u00fcckisch.de\/wordpress\/index.php?rest_route=\/wp\/v2\/pages\/141\/revisions\/883"}],"wp:attachment":[{"href":"https:\/\/hundesalon-raffit\u00fcckisch.de\/wordpress\/index.php?rest_route=%2Fwp%2Fv2%2Fmedia&parent=141"}],"curies":[{"name":"wp","href":"https:\/\/api.w.org\/{rel}","templated":true}]}}