{"id":131,"date":"2012-05-01T08:00:12","date_gmt":"2012-05-01T06:00:12","guid":{"rendered":"http:\/\/xn--hundesalon-raffitckisch-spc.de\/wordpress\/?page_id=131"},"modified":"2018-05-30T07:45:12","modified_gmt":"2018-05-30T05:45:12","slug":"131-2","status":"publish","type":"page","link":"https:\/\/hundesalon-raffit\u00fcckisch.de\/wordpress\/?page_id=131","title":{"rendered":"Person"},"content":{"rendered":"<table style=\"height: 681px; width: 890px; text-align: left\" cellspacing=\"2\" cellpadding=\"2\" border=\"0\">\n<tbody>\n<tr>\n<td style=\"vertical-align: top; text-align: left\" width=\"320\"><span style=\"font-family: arial\">&nbsp;<\/span><a href=\"http:\/\/xn--hundesalon-raffitckisch-spc.de\/wordpress\/?attachment_id=628\" rel=\"attachment wp-att-628\"><span style=\"font-family: arial\"><img loading=\"lazy\" decoding=\"async\" title=\"Person\" class=\"alignleft  wp-image-628\" alt=\"\" src=\"http:\/\/xn--hundesalon-raffitckisch-spc.de\/wordpress\/wp-content\/uploads\/2012\/03\/Person-klein-300x300.jpg\" width=\"300\" height=\"300\" srcset=\"https:\/\/xn--hundesalon-raffitckisch-spc.de\/wordpress\/wp-content\/uploads\/2012\/03\/Person-klein-300x300.jpg 300w, https:\/\/xn--hundesalon-raffitckisch-spc.de\/wordpress\/wp-content\/uploads\/2012\/03\/Person-klein-150x150.jpg 150w, https:\/\/xn--hundesalon-raffitckisch-spc.de\/wordpress\/wp-content\/uploads\/2012\/03\/Person-klein.jpg 680w\" sizes=\"auto, (max-width: 300px) 100vw, 300px\" \/><\/span><\/a><br \/><span style=\"font-size: 13px; font-family: arial,helvetica,sans-serif; color: #000000\">Das bin ich!<\/span><span style=\"font-family: arial\"><br \/><\/span><span style=\"font-size: 13px; font-family: arial,helvetica,sans-serif; color: #000000\">Annika Hesse geboren im<br \/>M\u00e4rz 1974 <\/span><span style=\"font-size: 13px; font-family: arial,helvetica,sans-serif; color: #000000\">in Kassel.<br \/>Ich war schon immer ein <\/span><span style=\"font-size: 13px; font-family: arial,helvetica,sans-serif; color: #000000\">Tierfreund und habe<br \/>meine Tierliebe <\/span><span style=\"font-size: 13px; font-family: arial,helvetica,sans-serif; color: #000000\">zum Beruf gemacht.<\/span><\/td>\n<td style=\"vertical-align: top\" width=\"555\"><span><font face=\"Arial\"><span style=\"font-size: 13px; color: #000000\"><span style=\"font-size: 13px\"><strong>Mein Werdegang<\/strong><\/span><\/span> <\/p>\n<p><\/font><a title=\"http:\/\/www.hundesalon-eggers.de\" href=\"http:\/\/xn--hundesalon-raffitckisch-spc.de\/uploads\/Zertifikate\/Eggers.pdf\"><span style=\"color: #ff0000\"><span style=\"font-family: arial\"><strong><font color=\"#ff0000\">S<\/font><\/strong><\/span><\/span><\/a><\/span><span style=\"font-family: arial\"><font color=\"#000000\"><span style=\"font-size: 13px; color: #000000\">elbst\u00e4ndige T\u00e4tigkeit als Groomerin Ausbildung in einer der renommiertesten Groomerschulen in Deutschland<\/span><br \/><\/font><span style=\"font-size: 14px\"><strong><span style=\"color: #ff0000\">2<\/span><\/strong><\/span><span style=\"font-size: 13px\">1 <span style=\"color: #000000\"><font color=\"#000000\">Jahre Berufserfahrung als Tiermedizinische Fachangestellte inkl. Ausbildung in einer renommierten Tierarztpraxis in Kassel.<\/font><\/span><\/span><br \/><span style=\"font-size: 13px\"><span><a title=\"Grooming Days Leipzig 2012\" href=\"http:\/\/www.hundesalon-raffitueckisch.de\/uploads\/Zertifikate\/Grooming%20Days%20Leipzig.pdf\"><span style=\"color: #ff0000\"><strong>G<\/strong><\/span><\/a><font color=\"#000000\">rooming Days Leipzig 2012<\/font><\/span><\/span><br \/><font color=\"#000000\"><span style=\"font-size: 12px; color: #000000\">&#8222;Forum mit aktuellen Fachvortr\u00e4gen der Groomerbranche&#8220;<\/span><br \/><\/font><span style=\"font-size: 13px\"><span><a title=\"Hills5\" href=\"http:\/\/xn--hundesalon-raffitckisch-spc.de\/uploads\/Zertifikate\/Hills5.pdf\"><span style=\"color: #ff0000\"><strong>F<\/strong><\/span><\/a><font color=\"#000000\">ortbildung zur Ern\u00e4hrungsberaterin , Stufe V,<\/font><\/span><\/span><br \/><font color=\"#000000\"><span style=\"font-size: 12px; color: #000000\">(Nutritional Adviser Programme) mit Abschluss<\/span><br \/><\/font><span style=\"font-size: 13px\"><span><a title=\"Hills4\" href=\"http:\/\/xn--hundesalon-raffitckisch-spc.de\/uploads\/Zertifikate\/Hills4.pdf\"><span style=\"color: #ff0000\"><strong>F<\/strong><\/span><\/a><font color=\"#000000\">ortbildung zur Ern\u00e4hrungsberaterin, Stufe IV,<\/font><\/span><\/span><br \/><font color=\"#000000\"><span style=\"font-size: 12px; color: #000000\">(Nutritional Adviser Programme)<\/span><br \/><\/font><span style=\"font-size: 13px\"><span><a title=\"Hills3\" href=\"http:\/\/xn--hundesalon-raffitckisch-spc.de\/uploads\/Zertifikate\/Hills3.pdf\"><span style=\"color: #ff0000\"><strong><font color=\"#000000\">F<\/font><\/strong><\/span><\/a><font color=\"#000000\">ortbildung zur Ern\u00e4hrungsberaterin, Stufe III,<\/font><\/span><\/span><br \/><font color=\"#000000\"><span style=\"font-size: 12px; color: #000000\">(Nutritional Adviser Programme)<\/span><br \/><\/font><span style=\"font-size: 13px\"><span><a title=\"Hills,Stufe2\" href=\"http:\/\/xn--hundesalon-raffitckisch-spc.de\/uploads\/Zertifikate\/Hills2.pdf\"><span style=\"color: #ff0000\"><strong>F<\/strong><\/span><\/a><font color=\"#000000\">ortbildung zur Ern\u00e4hrungsberaterin, Stufe II,<\/font><\/span><\/span><br \/><\/span><span style=\"font-family: arial\"><span style=\"font-size: 12px\"><font color=\"#000000\"><span style=\"color: #000000\">(Nutritional Adviser Programme)<\/span><br \/><\/font><\/span><span style=\"font-size: 13px\"><span><a title=\"Hills, Stufe 1\" href=\"http:\/\/xn--hundesalon-raffitckisch-spc.de\/uploads\/Zertifikate\/Hills1.pdf\"><span style=\"color: #ff0000\"><strong>F<\/strong><\/span><\/a><font color=\"#000000\">ortbildung zur Ern\u00e4hrungsberaterin, Stufe I,<\/font><\/span><\/span><br \/><\/span><span style=\"font-family: arial\"><span><font color=\"#000000\"><span style=\"font-size: 12px; color: #000000\">(Nutritional Adviser Programme)<\/span><br \/><\/font><span style=\"font-size: 13px; font-family: arial, helvetica, sans-serif\"><a href=\"http:\/\/xn--hundesalon-raffitckisch-spc.de\/uploads\/Zertifikate\/Stress.pdf\"><span style=\"color: #ff0000\"><strong>F<\/strong><\/span><\/a><\/span><\/span><font color=\"#000000\"><span style=\"font-size: 13px; color: #000000\">ortbildung f\u00fcr Tiermedizinische Fachangestellte<\/span><br \/><\/font><\/span><span style=\"font-family: arial\"><span><font color=\"#000000\"><span style=\"font-size: 12px; color: #000000\">&#8222;Angst und Stress bei Hund und Katze&#8220;<\/span><br \/><\/font><span style=\"font-size: 13px; font-family: arial, helvetica, sans-serif\"><a title=\"Lebensfreude bei Hund &amp; Katze\" href=\"http:\/\/xn--hundesalon-raffitckisch-spc.de\/uploads\/Zertifikate\/Lebensfreude.pdf\"><span style=\"color: #ff0000\"><strong>F<\/strong><\/span><\/a><\/span><\/span><font color=\"#000000\"><span style=\"font-size: 13px; color: #000000\">ortbildung f\u00fcr Tiermedizinische Fachangestellte<\/span><br \/><span style=\"font-size: 12px; color: #000000\">&#8222;Lebensfreude von Hund &amp; Katze bis ins hohe Lebensalter&#8220;<\/span><br \/><\/font><span style=\"font-size: 13px\"><span><a title=\"Nieren und Harsteine bei Hunden und Katzen\" href=\"http:\/\/xn--hundesalon-raffitckisch-spc.de\/uploads\/Zertifikate\/Vet%20Concept%202.pdf\"><span style=\"color: #ff0000\"><strong>F<\/strong><\/span><\/a><font color=\"#000000\">ortbildung f\u00fcr Tiermedizinische Fachangestellte<\/font><\/span><\/span><br \/><font color=\"#000000\"><span style=\"font-size: 12px; color: #000000\">&#8222;Niere und Harnsteine bei Hund &amp; Katze&#8220;<\/span><br \/><\/font><span style=\"font-size: 13px\"><span style=\"font-family: arial, helvetica, sans-serif\"><span style=\"color: #ff0000\"><a href=\"http:\/\/xn--hundesalon-raffitckisch-spc.de\/uploads\/Zertifikate\/Vet%20Concept%202.pdf\"><font color=\"#ff0000\"><strong>F<\/strong><\/font><\/a><\/span><\/span><span style=\"color: #000000\"><font color=\"#000000\">ortbildung f\u00fcr Tiermedizinische Fachangestellte<\/font><\/span><\/span><br \/><font color=\"#000000\"><span style=\"font-size: 12px; color: #000000\">&#8222;Grundlagen- Ern\u00e4hrung &amp; Di\u00e4tetik&#8220;<\/span><br \/><\/font><span style=\"font-size: 13px\"><span><a title=\"Kommunikation zwischen Mensch und Tier\" href=\"http:\/\/xn--hundesalon-raffitckisch-spc.de\/uploads\/Zertifikate\/Jeder%20Mensch%20tickt%20anders.pdf\"><span style=\"color: #ff0000\"><strong>W<\/strong><\/span><\/a><font color=\"#000000\">orkshop f\u00fcr Tiermedizinische Fachangestellte<\/font><\/span><\/span><br \/><font color=\"#000000\"><span style=\"font-size: 12px; color: #000000\">&#8222;Erfolgreiche Kommunikation mit Tierhaltern&#8220;<\/span><br \/><\/font><span style=\"font-size: 13px\"><span><a title=\"Euro Congress\" href=\"http:\/\/xn--hundesalon-raffitckisch-spc.de\/uploads\/Zertifikate\/Euro%20Congress.pdf\"><span style=\"color: #ff0000\"><strong>E<\/strong><\/span><\/a><font color=\"#000000\">uro Congress 2011 f\u00fcr Tiermedizinische Fachangestellte<\/font><\/span><\/span><br \/><font color=\"#000000\"><span style=\"font-size: 12px; color: #000000\">&#8222;Zahngesundheit, Zahnentwicklung beim Hund&#8220;<\/span><br \/><\/font><span style=\"font-size: 13px\"><span><a title=\"Dermatologie &amp; Allergie\" href=\"http:\/\/xn--hundesalon-raffitckisch-spc.de\/uploads\/Zertifikate\/Vet-Concept%203.pdf\"><span style=\"color: #ff0000\"><strong>Z<\/strong><\/span><\/a><font color=\"#000000\">ertifikatslehrgang<\/font><\/span><\/span><\/span><font face=\"Arial\"><span><span style=\"font-family: arial\"><font color=\"#000000\"><span style=\"font-size: 12px; color: #000000\">&#8222;Dermatologie\/Allergie\u201d<br \/><\/span><\/font><\/span><span style=\"font-size: 13px\"><span style=\"color: #ff0000\"><a title=\"Spezialseminar auf Gut Basthorst\" href=\"http:\/\/xn--hundesalon-raffitckisch-spc.de\/uploads\/Zertifikate\/Spezialseminar-Groomer.pdf\"><span style=\"color: #ff0000\"><strong>S<\/strong><\/span><\/a><\/span><\/span><\/span><span style=\"font-size: 12px; font-family: arial; color: #000000\"><font color=\"#000000\">pezialseminar f\u00fcr Groomer 2013 auf Gut Basthorst<\/font><\/span><\/font>  <\/p>\n<p>&nbsp;<\/p>\n<\/td>\n<\/tr>\n<\/tbody>\n<\/table>\n","protected":false},"excerpt":{"rendered":"<p>&nbsp;Das bin ich!Annika Hesse geboren imM\u00e4rz 1974 in Kassel.Ich war schon immer ein Tierfreund und habemeine Tierliebe zum Beruf gemacht. Mein Werdegang Selbst\u00e4ndige T\u00e4tigkeit als Groomerin Ausbildung in einer der renommiertesten Groomerschulen in Deutschland21 Jahre Berufserfahrung als Tiermedizinische Fachangestellte inkl. &hellip; <a href=\"https:\/\/hundesalon-raffit\u00fcckisch.de\/wordpress\/?page_id=131\">Weiterlesen <span class=\"meta-nav\">&rarr;<\/span><\/a><\/p>\n","protected":false},"author":1,"featured_media":0,"parent":0,"menu_order":1,"comment_status":"closed","ping_status":"closed","template":"onecolumn-page.php","meta":{"ngg_post_thumbnail":0,"footnotes":""},"class_list":["post-131","page","type-page","status-publish","hentry"],"_links":{"self":[{"href":"https:\/\/hundesalon-raffit\u00fcckisch.de\/wordpress\/index.php?rest_route=\/wp\/v2\/pages\/131","targetHints":{"allow":["GET"]}}],"collection":[{"href":"https:\/\/hundesalon-raffit\u00fcckisch.de\/wordpress\/index.php?rest_route=\/wp\/v2\/pages"}],"about":[{"href":"https:\/\/hundesalon-raffit\u00fcckisch.de\/wordpress\/index.php?rest_route=\/wp\/v2\/types\/page"}],"author":[{"embeddable":true,"href":"https:\/\/hundesalon-raffit\u00fcckisch.de\/wordpress\/index.php?rest_route=\/wp\/v2\/users\/1"}],"replies":[{"embeddable":true,"href":"https:\/\/hundesalon-raffit\u00fcckisch.de\/wordpress\/index.php?rest_route=%2Fwp%2Fv2%2Fcomments&post=131"}],"version-history":[{"count":113,"href":"https:\/\/hundesalon-raffit\u00fcckisch.de\/wordpress\/index.php?rest_route=\/wp\/v2\/pages\/131\/revisions"}],"predecessor-version":[{"id":1091,"href":"https:\/\/hundesalon-raffit\u00fcckisch.de\/wordpress\/index.php?rest_route=\/wp\/v2\/pages\/131\/revisions\/1091"}],"wp:attachment":[{"href":"https:\/\/hundesalon-raffit\u00fcckisch.de\/wordpress\/index.php?rest_route=%2Fwp%2Fv2%2Fmedia&parent=131"}],"curies":[{"name":"wp","href":"https:\/\/api.w.org\/{rel}","templated":true}]}}